{"id":6074,"date":"2017-03-11T10:02:22","date_gmt":"2017-03-11T10:02:22","guid":{"rendered":"http:\/\/www.dalmatiariviera.com\/rab-info\/"},"modified":"2017-03-11T10:06:05","modified_gmt":"2017-03-11T10:06:05","slug":"rab-info","status":"publish","type":"page","link":"https:\/\/www.dalmatiariviera.com\/hr\/rab-info\/","title":{"rendered":"Rab Info"},"content":{"rendered":"<h2>Rab, Hrvatska<\/h2>\n<p>Otok Rab je jedan od najljep\u0161ih hrvatskih otoka. Njegova odli\u010dna geoglrafska pozicija mu osigurava da bude fantasti\u010dna destinacija za ljetni odmor. Autoputom je povezan sa cijelom Europom, a trajekt za otok ide 4-5 puta dnevno u ljetnoj sezoni. Postoji nekoliko lijepih mjesta na otoku kao grad Rab, Banjol, Barbat i Lopar. Tako\u0111er, na otoku ima vi\u0161e od 30 prekrasnih, pje\u0161\u010danih pla\u017ea. Otok ima sve. Ima odli\u010dne barova i restorana koji nude autenti\u010dnu hranu. Prekrasni prirodni krajolici, kao i puno gradova za\u00a0vidjeti da \u0107e dr\u017eati okupiranima tijekom cijelog odmora.<\/p>\n","protected":false},"excerpt":{"rendered":"<p>Rab, Hrvatska Otok Rab je jedan od najljep\u0161ih hrvatskih otoka. Njegova odli\u010dna geoglrafska pozicija mu osigurava da bude fantasti\u010dna destinacija &#8230;<\/p>\n","protected":false},"author":1,"featured_media":0,"parent":0,"menu_order":0,"comment_status":"closed","ping_status":"closed","template":"","meta":[],"_links":{"self":[{"href":"https:\/\/www.dalmatiariviera.com\/hr\/wp-json\/wp\/v2\/pages\/6074"}],"collection":[{"href":"https:\/\/www.dalmatiariviera.com\/hr\/wp-json\/wp\/v2\/pages"}],"about":[{"href":"https:\/\/www.dalmatiariviera.com\/hr\/wp-json\/wp\/v2\/types\/page"}],"author":[{"embeddable":true,"href":"https:\/\/www.dalmatiariviera.com\/hr\/wp-json\/wp\/v2\/users\/1"}],"replies":[{"embeddable":true,"href":"https:\/\/www.dalmatiariviera.com\/hr\/wp-json\/wp\/v2\/comments?post=6074"}],"version-history":[{"count":2,"href":"https:\/\/www.dalmatiariviera.com\/hr\/wp-json\/wp\/v2\/pages\/6074\/revisions"}],"predecessor-version":[{"id":6078,"href":"https:\/\/www.dalmatiariviera.com\/hr\/wp-json\/wp\/v2\/pages\/6074\/revisions\/6078"}],"wp:attachment":[{"href":"https:\/\/www.dalmatiariviera.com\/hr\/wp-json\/wp\/v2\/media?parent=6074"}],"curies":[{"name":"wp","href":"https:\/\/api.w.org\/{rel}","templated":true}]}}