{"id":6035,"date":"2017-03-10T12:20:31","date_gmt":"2017-03-10T12:20:31","guid":{"rendered":"http:\/\/www.dalmatiariviera.com\/hvar-hrvatska\/"},"modified":"2017-03-10T13:02:27","modified_gmt":"2017-03-10T13:02:27","slug":"hvar-hrvatska","status":"publish","type":"page","link":"https:\/\/www.dalmatiariviera.com\/hr\/hvar-hrvatska\/","title":{"rendered":"Hvar, Hrvatska"},"content":{"rendered":"<p>[wonderplugin_carousel id=&#8221;14&#8243;]<\/p>\n<h2>Jedna od najsun\u010danijih destinacija u Europi<\/h2>\n<p>Hvar je jedan od najljep\u0161ih otoka u svijetu. Jedno je od najsun\u010danijih mjesta u Europi, s 2726 prosje\u010dnih sun\u010danih sati godi\u0161nje. Nije ni \u010dudo \u0161to su stari Grci prvo kolonizirali ovaj prekrasan otok u 4. stolje\u0107u prije Krista. Sredi\u0161nji dio otoka su gradovi Hvar i Stari Grad. Starogradsko polje je upisano u UNESCO-ve svjetsku ba\u0161tinu u 2008. To je kulturni krajolik koji je ostao prakti\u010dki netaknut od prve kolonizacije Grka u 4. stolje\u0107u prije Krista. Otok je \u00a0poznat po svojim nevjerojatnim prirodnim ljepotama, te anti\u010dkim i srednjovjekovnim gradovima i zidinama.<\/p>\n<span><a onclick=\"read_toggle(2026198215, '', ''); return false;\" class=\"read-link\" id=\"readlink2026198215\" style=\"readlink\" href=\"#\"><\/a><\/span>\n<div class=\"read_div\" id=\"read2026198215\" style=\"display: none;\"><\/p>\n<h2>Popularna glamour turisti\u010dka destinacija<\/h2>\n<p>Osim Dubrovnika, otok je postao poznata turisti\u010dka destinacija koja privla\u010di poznate svjetske zvijezde svakog ljeta, koje ge obi\u010dno posje\u0107uju sa svojim velikim jahtama. Radi ve\u0107 spomenutih mnogih sun\u010danih sati godi\u0161nje i plodnog tla, otok\u00a0je poznat po je visoko kvalitetnim vinima, koja ide savr\u0161eno sa tradicionalnim dalmatinskim gastronomskim delicijama poput svje\u017ee kvalitetne morske ribe. Grad Hvar i Stari Grad su puni poznatih restorana, a pravo je \u010dudo kako ti gradovi mogu primiti toliko turista svako ljeto.<\/p>\n<h2>Deseci odredi\u0161ta koja treba vidjeti na Hvaru<\/h2>\n<p>Nemogu\u0107e je posjetiti samo Stari Grad ili grad Hvar sa svojim prekrasnim zidinama iz 13. stolje\u0107a, dok ste u posjeti otoku. Morate dati sebi vremena i istra\u017eiti bezbroj prekrasnih pla\u017ea i morate poku\u0161ati prona\u0107i savr\u0161enu pla\u017eu samo za Vas. Odli\u010dna ideja je da posjetite obli\u017enje Paklene otoke, jedan od 7 Hrvatskih nacionalnih parkova. Otok obiluje prekrasnim destinacijama koje ne privla\u010di toliko turista kao \u0161to su \u00a0Jelsa i Vrboska. Vrboska se jo\u0161 zove Hrvatska Venecija zbog svojeg morskog kanala, i bilo bi \u0161teta ne posjetiti takav miran mali grad koji izgleda kao da je isko\u010dio\u00a0iz bajke.<\/p>\n<p><\/div>\n","protected":false},"excerpt":{"rendered":"<p>[wonderplugin_carousel id=&#8221;14&#8243;] Jedna od najsun\u010danijih destinacija u Europi Hvar je jedan od najljep\u0161ih otoka u svijetu. Jedno je od najsun\u010danijih &#8230;<\/p>\n","protected":false},"author":1,"featured_media":5633,"parent":0,"menu_order":0,"comment_status":"closed","ping_status":"closed","template":"property_list.php","meta":[],"_links":{"self":[{"href":"https:\/\/www.dalmatiariviera.com\/hr\/wp-json\/wp\/v2\/pages\/6035"}],"collection":[{"href":"https:\/\/www.dalmatiariviera.com\/hr\/wp-json\/wp\/v2\/pages"}],"about":[{"href":"https:\/\/www.dalmatiariviera.com\/hr\/wp-json\/wp\/v2\/types\/page"}],"author":[{"embeddable":true,"href":"https:\/\/www.dalmatiariviera.com\/hr\/wp-json\/wp\/v2\/users\/1"}],"replies":[{"embeddable":true,"href":"https:\/\/www.dalmatiariviera.com\/hr\/wp-json\/wp\/v2\/comments?post=6035"}],"version-history":[{"count":3,"href":"https:\/\/www.dalmatiariviera.com\/hr\/wp-json\/wp\/v2\/pages\/6035\/revisions"}],"predecessor-version":[{"id":6038,"href":"https:\/\/www.dalmatiariviera.com\/hr\/wp-json\/wp\/v2\/pages\/6035\/revisions\/6038"}],"wp:featuredmedia":[{"embeddable":true,"href":"https:\/\/www.dalmatiariviera.com\/hr\/wp-json\/wp\/v2\/media\/5633"}],"wp:attachment":[{"href":"https:\/\/www.dalmatiariviera.com\/hr\/wp-json\/wp\/v2\/media?parent=6035"}],"curies":[{"name":"wp","href":"https:\/\/api.w.org\/{rel}","templated":true}]}}