{"id":11397,"date":"2017-03-31T15:08:13","date_gmt":"2017-03-31T15:08:13","guid":{"rendered":"http:\/\/www.dalmatiariviera.com\/dalmatinischen-destinationen\/"},"modified":"2021-01-21T10:16:07","modified_gmt":"2021-01-21T10:16:07","slug":"dalmatinischen-destinationen","status":"publish","type":"page","link":"https:\/\/www.dalmatiariviera.com\/de\/dalmatinischen-destinationen\/","title":{"rendered":"Dalmatinischen Destinationen"},"content":{"rendered":"<p>[vc_row][vc_column][vc_column_text]<\/p>\n<style>.meta-element-head{display:none}<\/style>\n<p>[\/vc_column_text][\/vc_column][\/vc_row][vc_row][vc_column][vc_column_text]<\/p>\n<p style=\"text-align: justify;\">Dalmatia is full of beautiful travel destinations. Some of them are truly world wide famous like Dubrovnik, Hvar or Split. But, true gems of Dalmatia are small and authentic Dalmatian small settlement which are ideal place for perfect holiday. Most of those settlements have everything what you need, so only what you need to do is park your car, leave it there for the rest of your holiday and truly enjoy and relax on your well deserved holidays. Because the fact that Dalmatia is abundant with fine, white marble the whole villages and old towns of the cities are built in Stone. That provides a truly amazing scenery. Main query for white stone is on the island of Bra\u010d.\u00a0While most popular destinations for sure are located by the sea, it would be shame not to visit Dalmatian inland. Canyon of river Cetina is great example of beautiful and unspoiled nature. Another great example of amazing natural beauties are Modro (Blue) and Crveno (Red) lakes near city of Imotski. Islands are completely another story. Almost biggest mistake while visiting Croatia, and Dalmatia is not to visit islands. Especially islands like Hvar, Brac or Mljet. If you are looking for beach paradise, those are the destinations to visit!<\/p>\n<p>[\/vc_column_text][\/vc_column][\/vc_row][vc_row][vc_column][vc_row_inner][vc_column_inner width=&#8220;1\/2&#8243; css=&#8220;.vc_custom_1481548121257{padding-right: 2.5px !important;padding-left: 5px !important;}&#8220;]<div class=\"places_wrapper   \" data-link=\"https:\/\/www.dalmatiariviera.com\/de\/city\/split-de\/\"><div class=\"listing-hover-gradient\"><\/div><div class=\"listing-hover\"><\/div><div class=\"places1 featuredplace\" style=\"background-image:url(https:\/\/www.dalmatiariviera.com\/wp-content\/uploads\/2017\/03\/split1-1170x560.jpg)\"><\/div><div class=\"category_name\"><a class=\"featured_listing_title\" href=\"https:\/\/www.dalmatiariviera.com\/de\/city\/split-de\/\">Split<\/a><div class=\"category_tagline\">Herrliche Mischung aus alten und modernen<\/div><\/div><\/div>[\/vc_column_inner][vc_column_inner width=&#8220;1\/2&#8243; css=&#8220;.vc_custom_1481548135397{padding-right: 5px !important;padding-left: 2.5px !important;}&#8220;]<div class=\"places_wrapper   \" data-link=\"https:\/\/www.dalmatiariviera.com\/de\/city\/omis-de\/\"><div class=\"listing-hover-gradient\"><\/div><div class=\"listing-hover\"><\/div><div class=\"places1 featuredplace\" style=\"background-image:url(https:\/\/www.dalmatiariviera.com\/wp-content\/uploads\/2017\/03\/omis-slider-1-1170x600.jpg)\"><\/div><div class=\"category_name\"><a class=\"featured_listing_title\" href=\"https:\/\/www.dalmatiariviera.com\/de\/city\/omis-de\/\">Omi\u0161<\/a><div class=\"category_tagline\">Eines der beliebtesten Reiseziele in Kroatien<\/div><\/div><\/div>[\/vc_column_inner][\/vc_row_inner][vc_row_inner][vc_column_inner width=&#8220;1\/2&#8243; css=&#8220;.vc_custom_1481548148265{padding-right: 2.5px !important;padding-left: 5px !important;}&#8220;]<div class=\"places_wrapper   \" data-link=\"https:\/\/www.dalmatiariviera.com\/de\/city\/hvar-de\/\"><div class=\"listing-hover-gradient\"><\/div><div class=\"listing-hover\"><\/div><div class=\"places1 featuredplace\" style=\"background-image:url(https:\/\/www.dalmatiariviera.com\/wp-content\/uploads\/2017\/03\/hvar-croatia-1170x500.jpg)\"><\/div><div class=\"category_name\"><a class=\"featured_listing_title\" href=\"https:\/\/www.dalmatiariviera.com\/de\/city\/hvar-de\/\">Hvar<\/a><div class=\"category_tagline\">Mythischen und einer der sch\u00f6nsten Inseln der Welt<\/div><\/div><\/div>[\/vc_column_inner][vc_column_inner width=&#8220;1\/2&#8243; css=&#8220;.vc_custom_1481548156740{padding-right: 5px !important;padding-left: 2.5px !important;}&#8220;]<div class=\"places_wrapper   \" data-link=\"https:\/\/www.dalmatiariviera.com\/de\/area\/medici-de\/\"><div class=\"listing-hover-gradient\"><\/div><div class=\"listing-hover\"><\/div><div class=\"places1 featuredplace\" style=\"background-image:url(https:\/\/www.dalmatiariviera.com\/wp-content\/uploads\/2017\/03\/medici-omis-11-2-1170x504.jpg)\"><\/div><div class=\"category_name\"><a class=\"featured_listing_title\" href=\"https:\/\/www.dalmatiariviera.com\/de\/area\/medici-de\/\">Medi\u0107i<\/a><div class=\"category_tagline\">Perfekter Familienausflug<\/div><\/div><\/div>[\/vc_column_inner][\/vc_row_inner][vc_row_inner][vc_column_inner width=&#8220;1\/2&#8243; css=&#8220;.vc_custom_1481548165369{padding-right: 2.5px !important;padding-left: 5px !important;}&#8220;]<div class=\"places_wrapper   \" data-link=\"https:\/\/www.dalmatiariviera.com\/de\/area\/mimice-de\/\"><div class=\"listing-hover-gradient\"><\/div><div class=\"listing-hover\"><\/div><div class=\"places1 featuredplace\" style=\"background-image:url(https:\/\/www.dalmatiariviera.com\/wp-content\/uploads\/2017\/03\/mimice-omis-dalmatia-1-1170x500.jpg)\"><\/div><div class=\"category_name\"><a class=\"featured_listing_title\" href=\"https:\/\/www.dalmatiariviera.com\/de\/area\/mimice-de\/\">Mimice<\/a><div class=\"category_tagline\">Ideales Urlaubsziel<\/div><\/div><\/div>[\/vc_column_inner][vc_column_inner width=&#8220;1\/2&#8243; css=&#8220;.vc_custom_1481548172632{padding-right: 5px !important;padding-left: 2.5px !important;}&#8220;]<div class=\"places_wrapper   \" data-link=\"https:\/\/www.dalmatiariviera.com\/de\/area\/marusici-de\/\"><div class=\"listing-hover-gradient\"><\/div><div class=\"listing-hover\"><\/div><div class=\"places1 featuredplace\" style=\"background-image:url(https:\/\/www.dalmatiariviera.com\/wp-content\/uploads\/2017\/03\/marusici-3-1-1170x500.jpg)\"><\/div><div class=\"category_name\"><a class=\"featured_listing_title\" href=\"https:\/\/www.dalmatiariviera.com\/de\/area\/marusici-de\/\">Maru\u0161i\u0107i<\/a><div class=\"category_tagline\">Unz\u00e4hlige und sch\u00f6ne Str\u00e4nde<\/div><\/div><\/div>[\/vc_column_inner][\/vc_row_inner][vc_row_inner][vc_column_inner width=&#8220;1\/2&#8243; css=&#8220;.vc_custom_1482408942699{padding-right: 2.5px !important;padding-left: 5px !important;}&#8220;]<div class=\"places_wrapper   \" data-link=\"https:\/\/www.dalmatiariviera.com\/de\/city\/brac-de\/\"><div class=\"listing-hover-gradient\"><\/div><div class=\"listing-hover\"><\/div><div class=\"places1 featuredplace\" style=\"background-image:url(https:\/\/www.dalmatiariviera.com\/wp-content\/uploads\/2017\/03\/brac-2-1170x500.jpg)\"><\/div><div class=\"category_name\"><a class=\"featured_listing_title\" href=\"https:\/\/www.dalmatiariviera.com\/de\/city\/brac-de\/\">Bra\u010d<\/a><div class=\"category_tagline\">Eine der sch\u00f6nsten kroatischen Inseln<\/div><\/div><\/div>[\/vc_column_inner][vc_column_inner width=&#8220;1\/2&#8243; css=&#8220;.vc_custom_1482408959766{padding-right: 5px !important;padding-left: 2.5px !important;}&#8220;]<div class=\"places_wrapper   \" data-link=\"https:\/\/www.dalmatiariviera.com\/de\/area\/lokva-rogoznica-de\/\"><div class=\"listing-hover-gradient\"><\/div><div class=\"listing-hover\"><\/div><div class=\"places1 featuredplace\" style=\"background-image:url(https:\/\/www.dalmatiariviera.com\/wp-content\/uploads\/2017\/03\/1-2-1170x500.jpg)\"><\/div><div class=\"category_name\"><a class=\"featured_listing_title\" href=\"https:\/\/www.dalmatiariviera.com\/de\/area\/lokva-rogoznica-de\/\">Lokva Rogoznica<\/a><div class=\"category_tagline\">Sch\u00f6ne und lange Kieselstr\u00e4nde<\/div><\/div><\/div>[\/vc_column_inner][\/vc_row_inner][vc_row_inner][vc_column_inner width=&#8220;1\/2&#8243; css=&#8220;.vc_custom_1482408974769{padding-right: 2.5px !important;padding-left: 5px !important;}&#8220;]<div class=\"places_wrapper   \" data-link=\"https:\/\/www.dalmatiariviera.com\/de\/city\/brela-de\/\"><div class=\"listing-hover-gradient\"><\/div><div class=\"listing-hover\"><\/div><div class=\"places1 featuredplace\" style=\"background-image:url(https:\/\/www.dalmatiariviera.com\/wp-content\/uploads\/2021\/01\/brela-2.jpg)\"><\/div><div class=\"category_name\"><a class=\"featured_listing_title\" href=\"https:\/\/www.dalmatiariviera.com\/de\/city\/brela-de\/\">Brela<\/a><div class=\"category_tagline\">Eines der sch\u00f6nsten kroatischen Reiseziele<\/div><\/div><\/div>[\/vc_column_inner][vc_column_inner width=&#8220;1\/2&#8243; css=&#8220;.vc_custom_1482408987285{padding-right: 5px !important;padding-left: 2.5px !important;}&#8220;]<div class=\"places_wrapper   \" data-link=\"https:\/\/www.dalmatiariviera.com\/de\/area\/vrboska-de\/\"><div class=\"listing-hover-gradient\"><\/div><div class=\"listing-hover\"><\/div><div class=\"places1 featuredplace\" style=\"background-image:url(https:\/\/www.dalmatiariviera.com\/wp-content\/uploads\/2017\/03\/slider-1-1-1170x499.jpg)\"><\/div><div class=\"category_name\"><a class=\"featured_listing_title\" href=\"https:\/\/www.dalmatiariviera.com\/de\/area\/vrboska-de\/\">Vrboska<\/a><div class=\"category_tagline\">Erstaunliche kleine Stadt auf der Insel Hvar<\/div><\/div><\/div>[\/vc_column_inner][\/vc_row_inner][vc_row_inner][vc_column_inner width=&#8220;1\/2&#8243; css=&#8220;.vc_custom_1485632584153{padding-right: 2.5px !important;padding-left: 5px !important;}&#8220;]<div class=\"places_wrapper   \" data-link=\"https:\/\/www.dalmatiariviera.com\/de\/area\/stanici-de\/\"><div class=\"listing-hover-gradient\"><\/div><div class=\"listing-hover\"><\/div><div class=\"places1 featuredplace\" style=\"background-image:url(https:\/\/www.dalmatiariviera.com\/wp-content\/uploads\/2017\/02\/stanici-1-1170x548.jpg)\"><\/div><div class=\"category_name\"><a class=\"featured_listing_title\" href=\"https:\/\/www.dalmatiariviera.com\/de\/area\/stanici-de\/\">Stani\u0107i<\/a><div class=\"category_tagline\">Ziel mit herrlichen Str\u00e4nden<\/div><\/div><\/div>[\/vc_column_inner][vc_column_inner width=&#8220;1\/2&#8243; css=&#8220;.vc_custom_1485632683944{padding-right: 5px !important;padding-left: 2.5px !important;}&#8220;]<div class=\"places_wrapper   \" data-link=\"https:\/\/www.dalmatiariviera.com\/de\/area\/sumartin-de\/\"><div class=\"listing-hover-gradient\"><\/div><div class=\"listing-hover\"><\/div><div class=\"places1 featuredplace\" style=\"background-image:url(https:\/\/www.dalmatiariviera.com\/wp-content\/uploads\/2017\/03\/sumartin-1170x800.jpg)\"><\/div><div class=\"category_name\"><a class=\"featured_listing_title\" href=\"https:\/\/www.dalmatiariviera.com\/de\/area\/sumartin-de\/\">Sumartin<\/a><div class=\"category_tagline\">Kleine Stadt auf der Insel Bra\u010d<\/div><\/div><\/div>[\/vc_column_inner][\/vc_row_inner][vc_row_inner][vc_column_inner width=&#8220;1\/2&#8243; css=&#8220;.vc_custom_1486470230306{padding-right: 2.5px !important;padding-left: 5px !important;}&#8220;]<div class=\"places_wrapper   \" data-link=\"https:\/\/www.dalmatiariviera.com\/de\/city\/rab-de\/\"><div class=\"listing-hover-gradient\"><\/div><div class=\"listing-hover\"><\/div><div class=\"places1 featuredplace\" style=\"background-image:url(https:\/\/www.dalmatiariviera.com\/wp-content\/uploads\/2017\/03\/rab-1170x519.jpg)\"><\/div><div class=\"category_name\"><a class=\"featured_listing_title\" href=\"https:\/\/www.dalmatiariviera.com\/de\/city\/rab-de\/\">Rab<\/a><div class=\"category_tagline\">Sch\u00f6ne kroatische Insel<\/div><\/div><\/div>[\/vc_column_inner][vc_column_inner width=&#8220;1\/2&#8243; css=&#8220;.vc_custom_1486470243412{padding-right: 5px !important;padding-left: 2.5px !important;}&#8220;]<div class=\"places_wrapper   \" data-link=\"https:\/\/www.dalmatiariviera.com\/de\/city\/sestanovac-de\/\"><div class=\"listing-hover-gradient\"><\/div><div class=\"listing-hover\"><\/div><div class=\"places1 featuredplace\" style=\"background-image:url(https:\/\/www.dalmatiariviera.com\/wp-content\/uploads\/2017\/03\/sestanovac.jpg)\"><\/div><div class=\"category_name\"><a class=\"featured_listing_title\" href=\"https:\/\/www.dalmatiariviera.com\/de\/city\/sestanovac-de\/\">\u0160estanovac<\/a><div class=\"category_tagline\">Sch\u00f6ne Stadt im dalmatinischen Inland<\/div><\/div><\/div>[\/vc_column_inner][\/vc_row_inner][vc_row_inner][vc_column_inner width=&#8220;1\/2&#8243; css=&#8220;.vc_custom_1486638538044{padding-right: 2.5px !important;padding-left: 5px !important;}&#8220;]<div class=\"places_wrapper   \" data-link=\"https:\/\/www.dalmatiariviera.com\/de\/city\/pasman-de\/\"><div class=\"listing-hover-gradient\"><\/div><div class=\"listing-hover\"><\/div><div class=\"places1 featuredplace\" style=\"background-image:url(https:\/\/www.dalmatiariviera.com\/wp-content\/uploads\/2017\/02\/pasman-1-1170x750.jpg)\"><\/div><div class=\"category_name\"><a class=\"featured_listing_title\" href=\"https:\/\/www.dalmatiariviera.com\/de\/city\/pasman-de\/\">Pa\u0161man<\/a><div class=\"category_tagline\">Insel der Freude und des Gl\u00fccks<\/div><\/div><\/div>[\/vc_column_inner][vc_column_inner width=&#8220;1\/2&#8243; css=&#8220;.vc_custom_1486638550500{padding-right: 5px !important;padding-left: 2.5px !important;}&#8220;]<div class=\"places_wrapper   \" data-link=\"https:\/\/www.dalmatiariviera.com\/de\/area\/postira-de\/\"><div class=\"listing-hover-gradient\"><\/div><div class=\"listing-hover\"><\/div><div class=\"places1 featuredplace\" style=\"background-image:url(https:\/\/www.dalmatiariviera.com\/wp-content\/uploads\/2017\/02\/postira-1170x515.jpg)\"><\/div><div class=\"category_name\"><a class=\"featured_listing_title\" href=\"https:\/\/www.dalmatiariviera.com\/de\/area\/postira-de\/\">Postira<\/a><div class=\"category_tagline\">Sch\u00f6ne kleine Stadt auf Bra\u010d<\/div><\/div><\/div>[\/vc_column_inner][\/vc_row_inner][vc_row_inner][vc_column_inner width=&#8220;1\/2&#8243; css=&#8220;.vc_custom_1489229259103{padding-right: 2.5px !important;padding-left: 5px !important;}&#8220;]<div class=\"places_wrapper   \" data-link=\"https:\/\/www.dalmatiariviera.com\/de\/city\/dugopolje-de\/\"><div class=\"listing-hover-gradient\"><\/div><div class=\"listing-hover\"><\/div><div class=\"places1 featuredplace\" style=\"background-image:url(https:\/\/www.dalmatiariviera.com\/wp-content\/uploads\/2017\/03\/dugopolje.jpg)\"><\/div><div class=\"category_name\"><a class=\"featured_listing_title\" href=\"https:\/\/www.dalmatiariviera.com\/de\/city\/dugopolje-de\/\">Dugopolje<\/a><div class=\"category_tagline\">Kleine Stadt im dalmatinischen Inland<\/div><\/div><\/div>[\/vc_column_inner][vc_column_inner width=&#8220;1\/2&#8243; css=&#8220;.vc_custom_1489229271512{padding-right: 5px !important;padding-left: 2.5px !important;}&#8220;]<div class=\"places_wrapper   \" data-link=\"https:\/\/www.dalmatiariviera.com\/de\/city\/kastela-de\/\"><div class=\"listing-hover-gradient\"><\/div><div class=\"listing-hover\"><\/div><div class=\"places1 featuredplace\" style=\"background-image:url(https:\/\/www.dalmatiariviera.com\/wp-content\/uploads\/2017\/02\/kastela-1170x800.jpg)\"><\/div><div class=\"category_name\"><a class=\"featured_listing_title\" href=\"https:\/\/www.dalmatiariviera.com\/de\/city\/kastela-de\/\">Ka\u0161tela<\/a><div class=\"category_tagline\">Sch\u00f6ne Stadt in der N\u00e4he von Split<\/div><\/div><\/div>[\/vc_column_inner][\/vc_row_inner][vc_row_inner][vc_column_inner width=&#8220;1\/2&#8243; css=&#8220;.vc_custom_1489229259103{padding-right: 2.5px !important;padding-left: 5px !important;}&#8220;]<div class=\"places_wrapper   \" data-link=\"https:\/\/www.dalmatiariviera.com\/de\/area\/duce-de\/\"><div class=\"listing-hover-gradient\"><\/div><div class=\"listing-hover\"><\/div><div class=\"places1 featuredplace\" style=\"background-image:url(https:\/\/www.dalmatiariviera.com\/wp-content\/uploads\/2017\/11\/duce-croatia-1170x760.jpg)\"><\/div><div class=\"category_name\"><a class=\"featured_listing_title\" href=\"https:\/\/www.dalmatiariviera.com\/de\/area\/duce-de\/\">Du\u0107e<\/a><div class=\"category_tagline\">Sch\u00f6ne lange Sandstr\u00e4nde<\/div><\/div><\/div>[\/vc_column_inner][vc_column_inner width=&#8220;1\/2&#8243; css=&#8220;.vc_custom_1489229271512{padding-right: 5px !important;padding-left: 2.5px !important;}&#8220;]<div class=\"places_wrapper   \" data-link=\"https:\/\/www.dalmatiariviera.com\/de\/area\/barbat-de\/\"><div class=\"listing-hover-gradient\"><\/div><div class=\"listing-hover\"><\/div><div class=\"places1 featuredplace\" style=\"background-image:url(https:\/\/www.dalmatiariviera.com\/wp-content\/uploads\/2017\/02\/barbat.jpg)\"><\/div><div class=\"category_name\"><a class=\"featured_listing_title\" href=\"https:\/\/www.dalmatiariviera.com\/de\/area\/barbat-de\/\">Barbat<\/a><div class=\"category_tagline\">Sch\u00f6ne Stadt auf der Insel Rab<\/div><\/div><\/div>[\/vc_column_inner][\/vc_row_inner][\/vc_column][\/vc_row]<\/p>\n","protected":false},"excerpt":{"rendered":"<p>[vc_row][vc_column][vc_column_text] [\/vc_column_text][\/vc_column][\/vc_row][vc_row][vc_column][vc_column_text] Dalmatia is full of beautiful travel destinations. Some of them are truly world wide famous like Dubrovnik, Hvar &#8230;<\/p>\n","protected":false},"author":1,"featured_media":0,"parent":0,"menu_order":0,"comment_status":"closed","ping_status":"closed","template":"","meta":[],"_links":{"self":[{"href":"https:\/\/www.dalmatiariviera.com\/de\/wp-json\/wp\/v2\/pages\/11397"}],"collection":[{"href":"https:\/\/www.dalmatiariviera.com\/de\/wp-json\/wp\/v2\/pages"}],"about":[{"href":"https:\/\/www.dalmatiariviera.com\/de\/wp-json\/wp\/v2\/types\/page"}],"author":[{"embeddable":true,"href":"https:\/\/www.dalmatiariviera.com\/de\/wp-json\/wp\/v2\/users\/1"}],"replies":[{"embeddable":true,"href":"https:\/\/www.dalmatiariviera.com\/de\/wp-json\/wp\/v2\/comments?post=11397"}],"version-history":[{"count":6,"href":"https:\/\/www.dalmatiariviera.com\/de\/wp-json\/wp\/v2\/pages\/11397\/revisions"}],"predecessor-version":[{"id":21291,"href":"https:\/\/www.dalmatiariviera.com\/de\/wp-json\/wp\/v2\/pages\/11397\/revisions\/21291"}],"wp:attachment":[{"href":"https:\/\/www.dalmatiariviera.com\/de\/wp-json\/wp\/v2\/media?parent=11397"}],"curies":[{"name":"wp","href":"https:\/\/api.w.org\/{rel}","templated":true}]}}