{"id":8705,"date":"2017-03-15T08:48:49","date_gmt":"2017-03-15T08:48:49","guid":{"rendered":"http:\/\/www.dalmatiariviera.com\/dalmatskych-destinaci\/"},"modified":"2021-01-21T10:15:04","modified_gmt":"2021-01-21T10:15:04","slug":"dalmatskych-destinaci","status":"publish","type":"page","link":"https:\/\/www.dalmatiariviera.com\/cs\/dalmatskych-destinaci\/","title":{"rendered":"Dalmatsk\u00fdch destinac\u00ed"},"content":{"rendered":"<p>[vc_row][vc_column][vc_column_text]<\/p>\n<style>.meta-element-head{display:none}<\/style>\n<p>[\/vc_column_text][\/vc_column][\/vc_row][vc_row][vc_column][vc_column_text]<\/p>\n<p style=\"text-align: justify;\">Dalmatia is full of beautiful travel destinations. Some of them are truly world wide famous like Dubrovnik, Hvar or Split. But, true gems of Dalmatia are small and authentic Dalmatian small settlement which are ideal place for perfect holiday. Most of those settlements have everything what you need, so only what you need to do is park your car, leave it there for the rest of your holiday and truly enjoy and relax on your well deserved holidays. Because the fact that Dalmatia is abundant with fine, white marble the whole villages and old towns of the cities are built in Stone. That provides a truly amazing scenery. Main query for white stone is on the island of Bra\u010d.\u00a0While most popular destinations for sure are located by the sea, it would be shame not to visit Dalmatian inland. Canyon of river Cetina is great example of beautiful and unspoiled nature. Another great example of amazing natural beauties are Modro (Blue) and Crveno (Red) lakes near city of Imotski. Islands are completely another story. Almost biggest mistake while visiting Croatia, and Dalmatia is not to visit islands. Especially islands like Hvar, Brac or Mljet. If you are looking for beach paradise, those are the destinations to visit!<\/p>\n<p>[\/vc_column_text][\/vc_column][\/vc_row][vc_row][vc_column][vc_row_inner][vc_column_inner width=&#8220;1\/2&#8243; css=&#8220;.vc_custom_1481548121257{padding-right: 2.5px !important;padding-left: 5px !important;}&#8220;]<div class=\"places_wrapper   \" data-link=\"https:\/\/www.dalmatiariviera.com\/cs\/city\/split-cs\/\"><div class=\"listing-hover-gradient\"><\/div><div class=\"listing-hover\"><\/div><div class=\"places1 featuredplace\" style=\"background-image:url(https:\/\/www.dalmatiariviera.com\/wp-content\/uploads\/2017\/03\/split1-1170x560.jpg)\"><\/div><div class=\"category_name\"><a class=\"featured_listing_title\" href=\"https:\/\/www.dalmatiariviera.com\/cs\/city\/split-cs\/\">Split<\/a><div class=\"category_tagline\">N\u00e1dhern\u00e9 sm\u011bs star\u00e9ho a modern\u00edho<\/div><\/div><\/div>[\/vc_column_inner][vc_column_inner width=&#8220;1\/2&#8243; css=&#8220;.vc_custom_1481548135397{padding-right: 5px !important;padding-left: 2.5px !important;}&#8220;]<div class=\"places_wrapper   \" data-link=\"https:\/\/www.dalmatiariviera.com\/cs\/city\/omis-cs\/\"><div class=\"listing-hover-gradient\"><\/div><div class=\"listing-hover\"><\/div><div class=\"places1 featuredplace\" style=\"background-image:url(https:\/\/www.dalmatiariviera.com\/wp-content\/uploads\/2017\/03\/omis-slider-1-1170x600.jpg)\"><\/div><div class=\"category_name\"><a class=\"featured_listing_title\" href=\"https:\/\/www.dalmatiariviera.com\/cs\/city\/omis-cs\/\">Omi\u0161<\/a><div class=\"category_tagline\">Jeden z nejpopul\u00e1rn\u011bj\u0161\u00edch destinac\u00ed v Chorvatsku<\/div><\/div><\/div>[\/vc_column_inner][\/vc_row_inner][vc_row_inner][vc_column_inner width=&#8220;1\/2&#8243; css=&#8220;.vc_custom_1481548148265{padding-right: 2.5px !important;padding-left: 5px !important;}&#8220;]<div class=\"places_wrapper   \" data-link=\"https:\/\/www.dalmatiariviera.com\/cs\/city\/hvar-cs\/\"><div class=\"listing-hover-gradient\"><\/div><div class=\"listing-hover\"><\/div><div class=\"places1 featuredplace\" style=\"background-image:url(https:\/\/www.dalmatiariviera.com\/wp-content\/uploads\/2017\/03\/hvar-croatia-1170x500.jpg)\"><\/div><div class=\"category_name\"><a class=\"featured_listing_title\" href=\"https:\/\/www.dalmatiariviera.com\/cs\/city\/hvar-cs\/\">Hvar<\/a><div class=\"category_tagline\">M\u00fdtick\u00fd a jeden z nejkr\u00e1sn\u011bj\u0161\u00edch ostrov\u016f na sv\u011bt\u011b<\/div><\/div><\/div>[\/vc_column_inner][vc_column_inner width=&#8220;1\/2&#8243; css=&#8220;.vc_custom_1481548156740{padding-right: 5px !important;padding-left: 2.5px !important;}&#8220;]<div class=\"places_wrapper   \" data-link=\"https:\/\/www.dalmatiariviera.com\/cs\/area\/medici-cs\/\"><div class=\"listing-hover-gradient\"><\/div><div class=\"listing-hover\"><\/div><div class=\"places1 featuredplace\" style=\"background-image:url(https:\/\/www.dalmatiariviera.com\/wp-content\/uploads\/2017\/03\/medici-omis-11-2-1170x504.jpg)\"><\/div><div class=\"category_name\"><a class=\"featured_listing_title\" href=\"https:\/\/www.dalmatiariviera.com\/cs\/area\/medici-cs\/\">Medi\u0107i<\/a><div class=\"category_tagline\">Perfektn\u00ed rodinnou dovolenou<\/div><\/div><\/div>[\/vc_column_inner][\/vc_row_inner][vc_row_inner][vc_column_inner width=&#8220;1\/2&#8243; css=&#8220;.vc_custom_1481548165369{padding-right: 2.5px !important;padding-left: 5px !important;}&#8220;]<div class=\"places_wrapper   \" data-link=\"https:\/\/www.dalmatiariviera.com\/cs\/area\/mimice-cs\/\"><div class=\"listing-hover-gradient\"><\/div><div class=\"listing-hover\"><\/div><div class=\"places1 featuredplace\" style=\"background-image:url(https:\/\/www.dalmatiariviera.com\/wp-content\/uploads\/2017\/03\/mimice-omis-dalmatia-1-1170x500.jpg)\"><\/div><div class=\"category_name\"><a class=\"featured_listing_title\" href=\"https:\/\/www.dalmatiariviera.com\/cs\/area\/mimice-cs\/\">Mimice<\/a><div class=\"category_tagline\">Ide\u00e1ln\u00ed pr\u00e1zdninov\u00e9 destinace<\/div><\/div><\/div>[\/vc_column_inner][vc_column_inner width=&#8220;1\/2&#8243; css=&#8220;.vc_custom_1481548172632{padding-right: 5px !important;padding-left: 2.5px !important;}&#8220;]<div class=\"places_wrapper   \" data-link=\"https:\/\/www.dalmatiariviera.com\/cs\/area\/marusici-cs\/\"><div class=\"listing-hover-gradient\"><\/div><div class=\"listing-hover\"><\/div><div class=\"places1 featuredplace\" style=\"background-image:url(https:\/\/www.dalmatiariviera.com\/wp-content\/uploads\/2017\/03\/marusici-3-1-1170x500.jpg)\"><\/div><div class=\"category_name\"><a class=\"featured_listing_title\" href=\"https:\/\/www.dalmatiariviera.com\/cs\/area\/marusici-cs\/\">Maru\u0161i\u0107i<\/a><div class=\"category_tagline\">Bezpo\u010det a kr\u00e1sn\u00e9 pl\u00e1\u017ee<\/div><\/div><\/div>[\/vc_column_inner][\/vc_row_inner][vc_row_inner][vc_column_inner width=&#8220;1\/2&#8243; css=&#8220;.vc_custom_1482408942699{padding-right: 2.5px !important;padding-left: 5px !important;}&#8220;]<div class=\"places_wrapper   \" data-link=\"https:\/\/www.dalmatiariviera.com\/cs\/city\/brac-cs\/\"><div class=\"listing-hover-gradient\"><\/div><div class=\"listing-hover\"><\/div><div class=\"places1 featuredplace\" style=\"background-image:url(https:\/\/www.dalmatiariviera.com\/wp-content\/uploads\/2017\/03\/brac-2-1170x500.jpg)\"><\/div><div class=\"category_name\"><a class=\"featured_listing_title\" href=\"https:\/\/www.dalmatiariviera.com\/cs\/city\/brac-cs\/\">Bra\u010d<\/a><div class=\"category_tagline\">Jeden z nejkr\u00e1sn\u011bj\u0161\u00edch chorvatsk\u00e9m ostrov\u011b<\/div><\/div><\/div>[\/vc_column_inner][vc_column_inner width=&#8220;1\/2&#8243; css=&#8220;.vc_custom_1482408959766{padding-right: 5px !important;padding-left: 2.5px !important;}&#8220;]<div class=\"places_wrapper   \" data-link=\"https:\/\/www.dalmatiariviera.com\/cs\/area\/lokva-rogoznica-cs\/\"><div class=\"listing-hover-gradient\"><\/div><div class=\"listing-hover\"><\/div><div class=\"places1 featuredplace\" style=\"background-image:url(https:\/\/www.dalmatiariviera.com\/wp-content\/uploads\/2017\/03\/1-1-1170x500.jpg)\"><\/div><div class=\"category_name\"><a class=\"featured_listing_title\" href=\"https:\/\/www.dalmatiariviera.com\/cs\/area\/lokva-rogoznica-cs\/\">Lokva Rogoznica<\/a><div class=\"category_tagline\">Kr\u00e1sn\u00e9 a dlouh\u00e9 obl\u00e1zkov\u00e9 pl\u00e1\u017ee<\/div><\/div><\/div>[\/vc_column_inner][\/vc_row_inner][vc_row_inner][vc_column_inner width=&#8220;1\/2&#8243; css=&#8220;.vc_custom_1482408974769{padding-right: 2.5px !important;padding-left: 5px !important;}&#8220;]<div class=\"places_wrapper   \" data-link=\"https:\/\/www.dalmatiariviera.com\/cs\/city\/brela-cs\/\"><div class=\"listing-hover-gradient\"><\/div><div class=\"listing-hover\"><\/div><div class=\"places1 featuredplace\" style=\"background-image:url(https:\/\/www.dalmatiariviera.com\/wp-content\/uploads\/2021\/01\/brela-2.jpg)\"><\/div><div class=\"category_name\"><a class=\"featured_listing_title\" href=\"https:\/\/www.dalmatiariviera.com\/cs\/city\/brela-cs\/\">Brela<\/a><div class=\"category_tagline\">Jedna z nejkr\u00e1sn\u011bj\u0161\u00edch chorvatsk\u00fdch destinac\u00ed<\/div><\/div><\/div>[\/vc_column_inner][vc_column_inner width=&#8220;1\/2&#8243; css=&#8220;.vc_custom_1482408987285{padding-right: 5px !important;padding-left: 2.5px !important;}&#8220;]<div class=\"places_wrapper   \" data-link=\"https:\/\/www.dalmatiariviera.com\/cs\/area\/vrboska-cs\/\"><div class=\"listing-hover-gradient\"><\/div><div class=\"listing-hover\"><\/div><div class=\"places1 featuredplace\" style=\"background-image:url(https:\/\/www.dalmatiariviera.com\/wp-content\/uploads\/2017\/03\/slider-1-1-1170x499.jpg)\"><\/div><div class=\"category_name\"><a class=\"featured_listing_title\" href=\"https:\/\/www.dalmatiariviera.com\/cs\/area\/vrboska-cs\/\">Vrboska<\/a><div class=\"category_tagline\">Kr\u00e1sn\u00e9 m\u011bsto na ostrov\u011b Hvar<\/div><\/div><\/div>[\/vc_column_inner][\/vc_row_inner][vc_row_inner][vc_column_inner width=&#8220;1\/2&#8243; css=&#8220;.vc_custom_1485632584153{padding-right: 2.5px !important;padding-left: 5px !important;}&#8220;]<div class=\"places_wrapper   \" data-link=\"https:\/\/www.dalmatiariviera.com\/cs\/area\/stanici-cs\/\"><div class=\"listing-hover-gradient\"><\/div><div class=\"listing-hover\"><\/div><div class=\"places1 featuredplace\" style=\"background-image:url(https:\/\/www.dalmatiariviera.com\/wp-content\/uploads\/2017\/02\/stanici-1-1170x548.jpg)\"><\/div><div class=\"category_name\"><a class=\"featured_listing_title\" href=\"https:\/\/www.dalmatiariviera.com\/cs\/area\/stanici-cs\/\">Stani\u0107i<\/a><div class=\"category_tagline\">C\u00edl s \u00fa\u017easn\u00fdmi pl\u00e1\u017eemi<\/div><\/div><\/div>[\/vc_column_inner][vc_column_inner width=&#8220;1\/2&#8243; css=&#8220;.vc_custom_1485632683944{padding-right: 5px !important;padding-left: 2.5px !important;}&#8220;]<div class=\"places_wrapper   \" data-link=\"https:\/\/www.dalmatiariviera.com\/cs\/area\/sumartin-cs\/\"><div class=\"listing-hover-gradient\"><\/div><div class=\"listing-hover\"><\/div><div class=\"places1 featuredplace\" style=\"background-image:url(https:\/\/www.dalmatiariviera.com\/wp-content\/uploads\/2017\/03\/sumartin-1170x800.jpg)\"><\/div><div class=\"category_name\"><a class=\"featured_listing_title\" href=\"https:\/\/www.dalmatiariviera.com\/cs\/area\/sumartin-cs\/\">Sumartin<\/a><div class=\"category_tagline\">Kr\u00e1sn\u00e9 mal\u00e9 m\u011bsto na ostrov\u011b Bra\u010d<\/div><\/div><\/div>[\/vc_column_inner][\/vc_row_inner][vc_row_inner][vc_column_inner width=&#8220;1\/2&#8243; css=&#8220;.vc_custom_1486470230306{padding-right: 2.5px !important;padding-left: 5px !important;}&#8220;]<div class=\"places_wrapper   \" data-link=\"https:\/\/www.dalmatiariviera.com\/cs\/city\/rab-cs\/\"><div class=\"listing-hover-gradient\"><\/div><div class=\"listing-hover\"><\/div><div class=\"places1 featuredplace\" style=\"background-image:url(https:\/\/www.dalmatiariviera.com\/wp-content\/uploads\/2017\/03\/rab-1170x519.jpg)\"><\/div><div class=\"category_name\"><a class=\"featured_listing_title\" href=\"https:\/\/www.dalmatiariviera.com\/cs\/city\/rab-cs\/\">Rab<\/a><div class=\"category_tagline\">Kr\u00e1sn\u00e1 chorvatsk\u00fd ostrov<\/div><\/div><\/div>[\/vc_column_inner][vc_column_inner width=&#8220;1\/2&#8243; css=&#8220;.vc_custom_1486470243412{padding-right: 5px !important;padding-left: 2.5px !important;}&#8220;]<div class=\"places_wrapper   \" data-link=\"https:\/\/www.dalmatiariviera.com\/cs\/city\/sestanovac-rs\/\"><div class=\"listing-hover-gradient\"><\/div><div class=\"listing-hover\"><\/div><div class=\"places1 featuredplace\" style=\"background-image:url(https:\/\/www.dalmatiariviera.com\/wp-content\/uploads\/2017\/03\/sestanovac.jpg)\"><\/div><div class=\"category_name\"><a class=\"featured_listing_title\" href=\"https:\/\/www.dalmatiariviera.com\/cs\/city\/sestanovac-rs\/\">\u0160estanovac<\/a><div class=\"category_tagline\">Kr\u00e1sn\u00e9 m\u011bsto v dalmatsk\u00e9m vnitrozem\u00ed<\/div><\/div><\/div>[\/vc_column_inner][\/vc_row_inner][vc_row_inner][vc_column_inner width=&#8220;1\/2&#8243; css=&#8220;.vc_custom_1486638538044{padding-right: 2.5px !important;padding-left: 5px !important;}&#8220;]<div class=\"places_wrapper   \" data-link=\"https:\/\/www.dalmatiariviera.com\/cs\/city\/pasman-cs\/\"><div class=\"listing-hover-gradient\"><\/div><div class=\"listing-hover\"><\/div><div class=\"places1 featuredplace\" style=\"background-image:url(https:\/\/www.dalmatiariviera.com\/wp-content\/uploads\/2017\/02\/pasman-1-1170x750.jpg)\"><\/div><div class=\"category_name\"><a class=\"featured_listing_title\" href=\"https:\/\/www.dalmatiariviera.com\/cs\/city\/pasman-cs\/\">Pa\u0161man<\/a><div class=\"category_tagline\">Ostrov radosti a \u0161t\u011bst\u00ed<\/div><\/div><\/div>[\/vc_column_inner][vc_column_inner width=&#8220;1\/2&#8243; css=&#8220;.vc_custom_1486638550500{padding-right: 5px !important;padding-left: 2.5px !important;}&#8220;]<div class=\"places_wrapper   \" data-link=\"https:\/\/www.dalmatiariviera.com\/cs\/area\/podstrana-cs\/\"><div class=\"listing-hover-gradient\"><\/div><div class=\"listing-hover\"><\/div><div class=\"places1 featuredplace\" style=\"background-image:url(https:\/\/www.dalmatiariviera.com\/wp-content\/uploads\/2017\/03\/podstrana-1170x600.jpg)\"><\/div><div class=\"category_name\"><a class=\"featured_listing_title\" href=\"https:\/\/www.dalmatiariviera.com\/cs\/area\/podstrana-cs\/\">Podstrana<\/a><div class=\"category_tagline\">P\u011bkn\u00e9 m\u011bste\u010dko nedaleko Splitu<\/div><\/div><\/div>[\/vc_column_inner][\/vc_row_inner][vc_row_inner][vc_column_inner width=&#8220;1\/2&#8243; css=&#8220;.vc_custom_1489229259103{padding-right: 2.5px !important;padding-left: 5px !important;}&#8220;]<div class=\"places_wrapper   \" data-link=\"https:\/\/www.dalmatiariviera.com\/cs\/city\/dugopolje-cs\/\"><div class=\"listing-hover-gradient\"><\/div><div class=\"listing-hover\"><\/div><div class=\"places1 featuredplace\" style=\"background-image:url(https:\/\/www.dalmatiariviera.com\/wp-content\/uploads\/2017\/03\/dugopolje.jpg)\"><\/div><div class=\"category_name\"><a class=\"featured_listing_title\" href=\"https:\/\/www.dalmatiariviera.com\/cs\/city\/dugopolje-cs\/\">Dugopolje<\/a><div class=\"category_tagline\">M\u011bste\u010dko v dalmatsk\u00e9m vnitrozem\u00ed<\/div><\/div><\/div>[\/vc_column_inner][vc_column_inner width=&#8220;1\/2&#8243; css=&#8220;.vc_custom_1489229271512{padding-right: 5px !important;padding-left: 2.5px !important;}&#8220;]<div class=\"places_wrapper   \" data-link=\"https:\/\/www.dalmatiariviera.com\/cs\/city\/kastela-cs\/\"><div class=\"listing-hover-gradient\"><\/div><div class=\"listing-hover\"><\/div><div class=\"places1 featuredplace\" style=\"background-image:url(https:\/\/www.dalmatiariviera.com\/wp-content\/uploads\/2017\/02\/kastela-1170x800.jpg)\"><\/div><div class=\"category_name\"><a class=\"featured_listing_title\" href=\"https:\/\/www.dalmatiariviera.com\/cs\/city\/kastela-cs\/\">Ka\u0161tela<\/a><div class=\"category_tagline\">Kr\u00e1sn\u00e9 m\u011bsto u Splitu<\/div><\/div><\/div>[\/vc_column_inner][\/vc_row_inner][vc_row_inner][vc_column_inner width=&#8220;1\/2&#8243; css=&#8220;.vc_custom_1489229259103{padding-right: 2.5px !important;padding-left: 5px !important;}&#8220;]<div class=\"places_wrapper   \" data-link=\"https:\/\/www.dalmatiariviera.com\/cs\/area\/duce-cs\/\"><div class=\"listing-hover-gradient\"><\/div><div class=\"listing-hover\"><\/div><div class=\"places1 featuredplace\" style=\"background-image:url(https:\/\/www.dalmatiariviera.com\/wp-content\/uploads\/2017\/11\/duce-croatia-1170x760.jpg)\"><\/div><div class=\"category_name\"><a class=\"featured_listing_title\" href=\"https:\/\/www.dalmatiariviera.com\/cs\/area\/duce-cs\/\">Du\u0107e<\/a><div class=\"category_tagline\">Kr\u00e1sn\u00e9 dlouh\u00e9 p\u00edse\u010dn\u00e9 pl\u00e1\u017ee<\/div><\/div><\/div>[\/vc_column_inner][vc_column_inner width=&#8220;1\/2&#8243; css=&#8220;.vc_custom_1489229271512{padding-right: 5px !important;padding-left: 2.5px !important;}&#8220;]<div class=\"places_wrapper   \" data-link=\"https:\/\/www.dalmatiariviera.com\/cs\/area\/barbat-cs\/\"><div class=\"listing-hover-gradient\"><\/div><div class=\"listing-hover\"><\/div><div class=\"places1 featuredplace\" style=\"background-image:url(https:\/\/www.dalmatiariviera.com\/wp-content\/uploads\/2017\/02\/barbat.jpg)\"><\/div><div class=\"category_name\"><a class=\"featured_listing_title\" href=\"https:\/\/www.dalmatiariviera.com\/cs\/area\/barbat-cs\/\">Barbat<\/a><div class=\"category_tagline\">Kr\u00e1sn\u00e9 m\u011bsto na ostrov\u011b Rab<\/div><\/div><\/div>[\/vc_column_inner][\/vc_row_inner][\/vc_column][\/vc_row]<\/p>\n","protected":false},"excerpt":{"rendered":"<p>[vc_row][vc_column][vc_column_text] [\/vc_column_text][\/vc_column][\/vc_row][vc_row][vc_column][vc_column_text] Dalmatia is full of beautiful travel destinations. Some of them are truly world wide famous like Dubrovnik, Hvar &#8230;<\/p>\n","protected":false},"author":1,"featured_media":0,"parent":0,"menu_order":0,"comment_status":"closed","ping_status":"closed","template":"","meta":[],"_links":{"self":[{"href":"https:\/\/www.dalmatiariviera.com\/cs\/wp-json\/wp\/v2\/pages\/8705"}],"collection":[{"href":"https:\/\/www.dalmatiariviera.com\/cs\/wp-json\/wp\/v2\/pages"}],"about":[{"href":"https:\/\/www.dalmatiariviera.com\/cs\/wp-json\/wp\/v2\/types\/page"}],"author":[{"embeddable":true,"href":"https:\/\/www.dalmatiariviera.com\/cs\/wp-json\/wp\/v2\/users\/1"}],"replies":[{"embeddable":true,"href":"https:\/\/www.dalmatiariviera.com\/cs\/wp-json\/wp\/v2\/comments?post=8705"}],"version-history":[{"count":6,"href":"https:\/\/www.dalmatiariviera.com\/cs\/wp-json\/wp\/v2\/pages\/8705\/revisions"}],"predecessor-version":[{"id":21290,"href":"https:\/\/www.dalmatiariviera.com\/cs\/wp-json\/wp\/v2\/pages\/8705\/revisions\/21290"}],"wp:attachment":[{"href":"https:\/\/www.dalmatiariviera.com\/cs\/wp-json\/wp\/v2\/media?parent=8705"}],"curies":[{"name":"wp","href":"https:\/\/api.w.org\/{rel}","templated":true}]}}