{"id":8702,"date":"2017-03-14T15:46:21","date_gmt":"2017-03-14T15:46:21","guid":{"rendered":"http:\/\/www.dalmatiariviera.com\/pokrocile-vyhledavani\/"},"modified":"2017-03-14T15:46:21","modified_gmt":"2017-03-14T15:46:21","slug":"pokrocile-vyhledavani","status":"publish","type":"page","link":"https:\/\/www.dalmatiariviera.com\/cs\/pokrocile-vyhledavani\/","title":{"rendered":"Pokro\u010dil\u00e9 vyhled\u00e1v\u00e1n\u00ed"},"content":{"rendered":"","protected":false},"excerpt":{"rendered":"","protected":false},"author":1,"featured_media":0,"parent":0,"menu_order":0,"comment_status":"closed","ping_status":"closed","template":"advanced_search_results.php","meta":[],"_links":{"self":[{"href":"https:\/\/www.dalmatiariviera.com\/cs\/wp-json\/wp\/v2\/pages\/8702"}],"collection":[{"href":"https:\/\/www.dalmatiariviera.com\/cs\/wp-json\/wp\/v2\/pages"}],"about":[{"href":"https:\/\/www.dalmatiariviera.com\/cs\/wp-json\/wp\/v2\/types\/page"}],"author":[{"embeddable":true,"href":"https:\/\/www.dalmatiariviera.com\/cs\/wp-json\/wp\/v2\/users\/1"}],"replies":[{"embeddable":true,"href":"https:\/\/www.dalmatiariviera.com\/cs\/wp-json\/wp\/v2\/comments?post=8702"}],"version-history":[{"count":0,"href":"https:\/\/www.dalmatiariviera.com\/cs\/wp-json\/wp\/v2\/pages\/8702\/revisions"}],"wp:attachment":[{"href":"https:\/\/www.dalmatiariviera.com\/cs\/wp-json\/wp\/v2\/media?parent=8702"}],"curies":[{"name":"wp","href":"https:\/\/api.w.org\/{rel}","templated":true}]}}